{"id":36,"date":"2025-10-11T18:01:12","date_gmt":"2025-10-12T00:01:12","guid":{"rendered":"https:\/\/www.sistemaofis.com\/index.php\/home\/"},"modified":"2025-10-11T20:30:33","modified_gmt":"2025-10-12T02:30:33","slug":"home","status":"publish","type":"page","link":"https:\/\/www.sistemaofis.com\/","title":{"rendered":"Home"},"content":{"rendered":"\t\t<div data-elementor-type=\"wp-page\" data-elementor-id=\"36\" class=\"elementor elementor-36\" data-elementor-post-type=\"page\">\n\t\t\t\t<div class=\"elementor-element elementor-element-8bf5be2 animated-slow e-flex e-con-boxed elementor-invisible e-con e-parent\" data-id=\"8bf5be2\" data-element_type=\"container\" data-settings=\"{&quot;background_background&quot;:&quot;classic&quot;,&quot;animation&quot;:&quot;fadeIn&quot;}\">\n\t\t\t\t\t<div class=\"e-con-inner\">\n\t\t\t\t<div class=\"elementor-element elementor-element-fa91d17 elementor-widget__width-initial elementor-widget-tablet__width-inherit animated-slow elementor-invisible elementor-widget elementor-widget-heading\" data-id=\"fa91d17\" data-element_type=\"widget\" data-settings=\"{&quot;_animation&quot;:&quot;fadeInLeft&quot;,&quot;_animation_delay&quot;:300}\" data-widget_type=\"heading.default\">\n\t\t\t\t\t<h2 class=\"elementor-heading-title elementor-size-default\">Soluciones inteligentes para edificios y complejos modernos<\/h2>\t\t\t\t<\/div>\n\t\t\t\t\t<\/div>\n\t\t\t\t<\/div>\n\t\t<div class=\"elementor-element elementor-element-0c65df8 e-flex e-con-boxed e-con e-parent\" data-id=\"0c65df8\" data-element_type=\"container\" data-settings=\"{&quot;background_background&quot;:&quot;classic&quot;}\">\n\t\t\t\t\t<div class=\"e-con-inner\">\n\t\t<div class=\"elementor-element elementor-element-57d038d e-con-full e-flex e-con e-child\" data-id=\"57d038d\" data-element_type=\"container\" data-settings=\"{&quot;background_background&quot;:&quot;classic&quot;}\">\n\t\t\t\t<div class=\"elementor-element elementor-element-5661abb elementor-widget-mobile__width-inherit animated-slow elementor-invisible elementor-widget elementor-widget-text-editor\" data-id=\"5661abb\" data-element_type=\"widget\" data-settings=\"{&quot;_animation&quot;:&quot;fadeInLeft&quot;}\" data-widget_type=\"text-editor.default\">\n\t\t\t\t\t\t\t\t\t<p><span class=\"s2\">Somos una empresa 100% Mexicana especializada en el desarrollo e implementaci\u00f3n de software para la gesti\u00f3n eficiente de edificios corporativos, residenciales y mixtos.<\/span><\/p><p><span class=\"s2\">Nuestra soluci\u00f3n centraliza el control de accesos, la reserva de amenidades y el mantenimiento en una sola plataforma, moderna, segura y f\u00e1cil de usar.<\/span><\/p>\t\t\t\t\t\t\t\t<\/div>\n\t\t\t\t<\/div>\n\t\t\t\t<div class=\"elementor-element elementor-element-6bfe170 elementor-widget__width-initial elementor-widget-mobile__width-inherit animated-slow elementor-invisible elementor-widget elementor-widget-image\" data-id=\"6bfe170\" data-element_type=\"widget\" data-settings=\"{&quot;_animation&quot;:&quot;fadeInRight&quot;}\" data-widget_type=\"image.default\">\n\t\t\t\t\t\t\t\t\t\t\t\t\t\t\t<img fetchpriority=\"high\" decoding=\"async\" width=\"800\" height=\"470\" src=\"https:\/\/www.sistemaofis.com\/wp-content\/uploads\/2025\/10\/sistemaofis-laptop-indicadores.webp\" class=\"attachment-large size-large wp-image-89\" alt=\"\" srcset=\"https:\/\/www.sistemaofis.com\/wp-content\/uploads\/2025\/10\/sistemaofis-laptop-indicadores.webp 800w, https:\/\/www.sistemaofis.com\/wp-content\/uploads\/2025\/10\/sistemaofis-laptop-indicadores-420x247.webp 420w, https:\/\/www.sistemaofis.com\/wp-content\/uploads\/2025\/10\/sistemaofis-laptop-indicadores-200x118.webp 200w, https:\/\/www.sistemaofis.com\/wp-content\/uploads\/2025\/10\/sistemaofis-laptop-indicadores-768x451.webp 768w\" sizes=\"(max-width: 800px) 100vw, 800px\" \/>\t\t\t\t\t\t\t\t\t\t\t\t\t\t\t<\/div>\n\t\t\t\t\t<\/div>\n\t\t\t\t<\/div>\n\t\t<div class=\"elementor-element elementor-element-5691f01 e-flex e-con-boxed e-con e-parent\" data-id=\"5691f01\" data-element_type=\"container\" id=\"homeBeneficios\">\n\t\t\t\t\t<div class=\"e-con-inner\">\n\t\t\t\t<div class=\"elementor-element elementor-element-380ca27 elementor-widget__width-inherit elementor-widget-tablet__width-initial elementor-widget-mobile__width-inherit animated-slow elementor-invisible elementor-widget elementor-widget-image\" data-id=\"380ca27\" data-element_type=\"widget\" data-settings=\"{&quot;_animation&quot;:&quot;fadeInLeft&quot;}\" data-widget_type=\"image.default\">\n\t\t\t\t\t\t\t\t\t\t\t\t\t\t\t<img decoding=\"async\" width=\"800\" height=\"793\" src=\"https:\/\/www.sistemaofis.com\/wp-content\/uploads\/2025\/10\/muchas-manos.webp\" class=\"attachment-large size-large wp-image-91\" alt=\"\" srcset=\"https:\/\/www.sistemaofis.com\/wp-content\/uploads\/2025\/10\/muchas-manos.webp 1010w, https:\/\/www.sistemaofis.com\/wp-content\/uploads\/2025\/10\/muchas-manos-420x416.webp 420w, https:\/\/www.sistemaofis.com\/wp-content\/uploads\/2025\/10\/muchas-manos-200x198.webp 200w, https:\/\/www.sistemaofis.com\/wp-content\/uploads\/2025\/10\/muchas-manos-768x761.webp 768w\" sizes=\"(max-width: 800px) 100vw, 800px\" \/>\t\t\t\t\t\t\t\t\t\t\t\t\t\t\t<\/div>\n\t\t<div class=\"elementor-element elementor-element-e1421ba e-con-full animated-slow e-flex elementor-invisible e-con e-child\" data-id=\"e1421ba\" data-element_type=\"container\" data-settings=\"{&quot;animation&quot;:&quot;fadeInRight&quot;}\">\n\t\t\t\t<div class=\"elementor-element elementor-element-c4ebe67 elementor-widget elementor-widget-heading\" data-id=\"c4ebe67\" data-element_type=\"widget\" data-widget_type=\"heading.default\">\n\t\t\t\t\t<h2 class=\"elementor-heading-title elementor-size-default\">Beneficios<\/h2>\t\t\t\t<\/div>\n\t\t\t\t<div class=\"elementor-element elementor-element-f69845b elementor--h-position-center elementor--v-position-middle elementor-pagination-position-inside elementor-widget elementor-widget-slides\" data-id=\"f69845b\" data-element_type=\"widget\" data-settings=\"{&quot;navigation&quot;:&quot;dots&quot;,&quot;transition&quot;:&quot;fade&quot;,&quot;transition_speed&quot;:600,&quot;autoplay&quot;:&quot;yes&quot;,&quot;autoplay_speed&quot;:5000,&quot;infinite&quot;:&quot;yes&quot;}\" data-widget_type=\"slides.default\">\n\t\t\t\t\t\t\t\t\t\t<div class=\"elementor-slides-wrapper elementor-main-swiper swiper\" role=\"region\" aria-roledescription=\"carousel\" aria-label=\"Beneficios\" dir=\"ltr\" data-animation=\"fadeInRight\">\n\t\t\t\t<div class=\"swiper-wrapper elementor-slides\">\n\t\t\t\t\t\t\t\t\t\t<div class=\"elementor-repeater-item-e875f89 swiper-slide\" role=\"group\" aria-roledescription=\"slide\"><div class=\"swiper-slide-bg\"><\/div><div class=\"swiper-slide-inner\" ><div class=\"swiper-slide-contents\"><div class=\"elementor-slide-heading\">Mayor seguridad y trazabilidad<\/div><\/div><\/div><\/div><div class=\"elementor-repeater-item-2eb368d swiper-slide\" role=\"group\" aria-roledescription=\"slide\"><div class=\"swiper-slide-bg\"><\/div><div class=\"swiper-slide-inner\" ><div class=\"swiper-slide-contents\"><div class=\"elementor-slide-heading\">Mejora la experiencia del usuario<\/div><\/div><\/div><\/div><div class=\"elementor-repeater-item-278f8c7 swiper-slide\" role=\"group\" aria-roledescription=\"slide\"><div class=\"swiper-slide-bg\"><\/div><div class=\"swiper-slide-inner\" ><div class=\"swiper-slide-contents\"><div class=\"elementor-slide-heading\">Optimiza la administraci\u00f3n y reduce costos<\/div><\/div><\/div><\/div><div class=\"elementor-repeater-item-62dbaad swiper-slide\" role=\"group\" aria-roledescription=\"slide\"><div class=\"swiper-slide-bg\"><\/div><div class=\"swiper-slide-inner\" ><div class=\"swiper-slide-contents\"><div class=\"elementor-slide-heading\">Facilita el cumplimiento normativo<\/div><\/div><\/div><\/div><div class=\"elementor-repeater-item-b531e5e swiper-slide\" role=\"group\" aria-roledescription=\"slide\"><div class=\"swiper-slide-bg\"><\/div><div class=\"swiper-slide-inner\" ><div class=\"swiper-slide-contents\"><div class=\"elementor-slide-heading\">Plataforma 100% en la nube<\/div><\/div><\/div><\/div>\t\t\t\t<\/div>\n\t\t\t\t\t\t\t\t\t\t\t\t\t\t\t\t\t\t\t\t<div class=\"swiper-pagination\"><\/div>\n\t\t\t\t\t\t\t\t\t\t\t\t<\/div>\n\t\t\t\t\t\t\t\t<\/div>\n\t\t\t\t<\/div>\n\t\t\t\t\t<\/div>\n\t\t\t\t<\/div>\n\t\t<div class=\"elementor-element elementor-element-99d4de1 e-flex e-con-boxed e-con e-parent\" data-id=\"99d4de1\" data-element_type=\"container\" id=\"homeOfrecemos\">\n\t\t\t\t\t<div class=\"e-con-inner\">\n\t\t<div class=\"elementor-element elementor-element-f3160e5 e-con-full e-flex e-con e-child\" data-id=\"f3160e5\" data-element_type=\"container\">\n\t\t\t\t<div class=\"elementor-element elementor-element-aa59e9b elementor-widget elementor-widget-heading\" data-id=\"aa59e9b\" data-element_type=\"widget\" data-widget_type=\"heading.default\">\n\t\t\t\t\t<h2 class=\"elementor-heading-title elementor-size-default\">\u00bfQu\u00e9 ofrecemos?<\/h2>\t\t\t\t<\/div>\n\t\t\t\t<div class=\"elementor-element elementor-element-d27f048 elementor-widget elementor-widget-text-editor\" data-id=\"d27f048\" data-element_type=\"widget\" data-widget_type=\"text-editor.default\">\n\t\t\t\t\t\t\t\t\t<p><span class=\"s2\">\u2705<\/span> <span class=\"s4\">Control de accesos inteligente (QR \/ Biometr\u00eda, autorizaciones temporales, historial y reportes)<\/span><\/p><p><span class=\"s2\">\u2705<\/span> <span class=\"s4\">Gesti\u00f3n de amenidades (reservas en tiempo real, reglas por horario\/capacidad, notificaciones autom\u00e1ticas)<\/span><\/p><p><span class=\"s2\">\u2705<\/span> <span class=\"s4\">Mantenimiento y soporte (incidencias, calendario preventivo, comunicaci\u00f3n con proveedores)<\/span><\/p>\t\t\t\t\t\t\t\t<\/div>\n\t\t\t\t<\/div>\n\t\t<div class=\"elementor-element elementor-element-258aad6 e-con-full e-flex e-con e-child\" data-id=\"258aad6\" data-element_type=\"container\">\n\t\t\t\t<div class=\"elementor-element elementor-element-1b06789 elementor-widget elementor-widget-gallery\" data-id=\"1b06789\" data-element_type=\"widget\" data-settings=\"{&quot;columns&quot;:2,&quot;gap&quot;:{&quot;unit&quot;:&quot;px&quot;,&quot;size&quot;:15,&quot;sizes&quot;:[]},&quot;image_hover_animation&quot;:&quot;grow&quot;,&quot;lazyload&quot;:&quot;yes&quot;,&quot;gallery_layout&quot;:&quot;grid&quot;,&quot;columns_tablet&quot;:2,&quot;columns_mobile&quot;:1,&quot;gap_tablet&quot;:{&quot;unit&quot;:&quot;px&quot;,&quot;size&quot;:10,&quot;sizes&quot;:[]},&quot;gap_mobile&quot;:{&quot;unit&quot;:&quot;px&quot;,&quot;size&quot;:10,&quot;sizes&quot;:[]},&quot;link_to&quot;:&quot;file&quot;,&quot;aspect_ratio&quot;:&quot;3:2&quot;,&quot;content_hover_animation&quot;:&quot;fade-in&quot;}\" data-widget_type=\"gallery.default\">\n\t\t\t\t\t\t\t<div class=\"elementor-gallery__container\">\n\t\t\t\t\t\t\t<a class=\"e-gallery-item elementor-gallery-item elementor-animated-content\" href=\"https:\/\/www.sistemaofis.com\/wp-content\/uploads\/2025\/10\/Ofis-capturas-de-pantalla-amenidad-registrar.webp\" data-elementor-open-lightbox=\"yes\" data-elementor-lightbox-slideshow=\"1b06789\" data-elementor-lightbox-title=\"Ofis capturas de pantalla amenidad registrar\" data-e-action-hash=\"#elementor-action%3Aaction%3Dlightbox%26settings%3DeyJpZCI6MTA4LCJ1cmwiOiJodHRwczpcL1wvd3d3LnNpc3RlbWFvZmlzLmNvbVwvd3AtY29udGVudFwvdXBsb2Fkc1wvMjAyNVwvMTBcL09maXMtY2FwdHVyYXMtZGUtcGFudGFsbGEtYW1lbmlkYWQtcmVnaXN0cmFyLndlYnAiLCJzbGlkZXNob3ciOiIxYjA2Nzg5In0%3D\">\n\t\t\t\t\t<div class=\"e-gallery-image elementor-gallery-item__image\" data-thumbnail=\"https:\/\/www.sistemaofis.com\/wp-content\/uploads\/2025\/10\/Ofis-capturas-de-pantalla-amenidad-registrar-420x378.webp\" data-width=\"420\" data-height=\"378\" aria-label=\"\" role=\"img\" ><\/div>\n\t\t\t\t\t\t\t\t\t\t\t\t\t\t<\/a>\n\t\t\t\t\t\t\t<a class=\"e-gallery-item elementor-gallery-item elementor-animated-content\" href=\"https:\/\/www.sistemaofis.com\/wp-content\/uploads\/2025\/10\/Ofis-capturas-de-pantalla-empresa-usuarios.webp\" data-elementor-open-lightbox=\"yes\" data-elementor-lightbox-slideshow=\"1b06789\" data-elementor-lightbox-title=\"Ofis capturas de pantalla empresa usuarios\" data-e-action-hash=\"#elementor-action%3Aaction%3Dlightbox%26settings%3DeyJpZCI6MTA5LCJ1cmwiOiJodHRwczpcL1wvd3d3LnNpc3RlbWFvZmlzLmNvbVwvd3AtY29udGVudFwvdXBsb2Fkc1wvMjAyNVwvMTBcL09maXMtY2FwdHVyYXMtZGUtcGFudGFsbGEtZW1wcmVzYS11c3Vhcmlvcy53ZWJwIiwic2xpZGVzaG93IjoiMWIwNjc4OSJ9\">\n\t\t\t\t\t<div class=\"e-gallery-image elementor-gallery-item__image\" data-thumbnail=\"https:\/\/www.sistemaofis.com\/wp-content\/uploads\/2025\/10\/Ofis-capturas-de-pantalla-empresa-usuarios-420x299.webp\" data-width=\"420\" data-height=\"299\" aria-label=\"\" role=\"img\" ><\/div>\n\t\t\t\t\t\t\t\t\t\t\t\t\t\t<\/a>\n\t\t\t\t\t\t\t<a class=\"e-gallery-item elementor-gallery-item elementor-animated-content\" href=\"https:\/\/www.sistemaofis.com\/wp-content\/uploads\/2025\/10\/Ofis-capturas-de-pantalla-calendario-amenidades.webp\" data-elementor-open-lightbox=\"yes\" data-elementor-lightbox-slideshow=\"1b06789\" data-elementor-lightbox-title=\"Ofis capturas de pantalla calendario amenidades\" data-e-action-hash=\"#elementor-action%3Aaction%3Dlightbox%26settings%3DeyJpZCI6MTEwLCJ1cmwiOiJodHRwczpcL1wvd3d3LnNpc3RlbWFvZmlzLmNvbVwvd3AtY29udGVudFwvdXBsb2Fkc1wvMjAyNVwvMTBcL09maXMtY2FwdHVyYXMtZGUtcGFudGFsbGEtY2FsZW5kYXJpby1hbWVuaWRhZGVzLndlYnAiLCJzbGlkZXNob3ciOiIxYjA2Nzg5In0%3D\">\n\t\t\t\t\t<div class=\"e-gallery-image elementor-gallery-item__image\" data-thumbnail=\"https:\/\/www.sistemaofis.com\/wp-content\/uploads\/2025\/10\/Ofis-capturas-de-pantalla-calendario-amenidades-420x324.webp\" data-width=\"420\" data-height=\"324\" aria-label=\"\" role=\"img\" ><\/div>\n\t\t\t\t\t\t\t\t\t\t\t\t\t\t<\/a>\n\t\t\t\t\t\t\t<a class=\"e-gallery-item elementor-gallery-item elementor-animated-content\" href=\"https:\/\/www.sistemaofis.com\/wp-content\/uploads\/2025\/10\/Ofis-captura-indicadores-de-acceso.webp\" data-elementor-open-lightbox=\"yes\" data-elementor-lightbox-slideshow=\"1b06789\" data-elementor-lightbox-title=\"Ofis captura indicadores de acceso\" data-e-action-hash=\"#elementor-action%3Aaction%3Dlightbox%26settings%3DeyJpZCI6MTExLCJ1cmwiOiJodHRwczpcL1wvd3d3LnNpc3RlbWFvZmlzLmNvbVwvd3AtY29udGVudFwvdXBsb2Fkc1wvMjAyNVwvMTBcL09maXMtY2FwdHVyYS1pbmRpY2Fkb3Jlcy1kZS1hY2Nlc28ud2VicCIsInNsaWRlc2hvdyI6IjFiMDY3ODkifQ%3D%3D\">\n\t\t\t\t\t<div class=\"e-gallery-image elementor-gallery-item__image\" data-thumbnail=\"https:\/\/www.sistemaofis.com\/wp-content\/uploads\/2025\/10\/Ofis-captura-indicadores-de-acceso-420x342.webp\" data-width=\"420\" data-height=\"342\" aria-label=\"\" role=\"img\" ><\/div>\n\t\t\t\t\t\t\t\t\t\t\t\t\t\t<\/a>\n\t\t\t\t\t<\/div>\n\t\t\t\t\t<\/div>\n\t\t\t\t<\/div>\n\t\t\t\t\t<\/div>\n\t\t\t\t<\/div>\n\t\t<div class=\"elementor-element elementor-element-5ac4c7d e-flex e-con-boxed e-con e-parent\" data-id=\"5ac4c7d\" data-element_type=\"container\" id=\"homeGaleria\">\n\t\t\t\t\t<div class=\"e-con-inner\">\n\t\t\t\t<div class=\"elementor-element elementor-element-5aebb01 elementor-widget elementor-widget-heading\" data-id=\"5aebb01\" data-element_type=\"widget\" data-widget_type=\"heading.default\">\n\t\t\t\t\t<h2 class=\"elementor-heading-title elementor-size-default\">Galer\u00eda<\/h2>\t\t\t\t<\/div>\n\t\t\t\t<div class=\"elementor-element elementor-element-92a47ab elementor-widget elementor-widget-gallery\" data-id=\"92a47ab\" data-element_type=\"widget\" data-settings=\"{&quot;gallery_layout&quot;:&quot;masonry&quot;,&quot;gap&quot;:{&quot;unit&quot;:&quot;px&quot;,&quot;size&quot;:30,&quot;sizes&quot;:[]},&quot;image_hover_animation&quot;:&quot;grow&quot;,&quot;lazyload&quot;:&quot;yes&quot;,&quot;columns&quot;:4,&quot;columns_tablet&quot;:2,&quot;columns_mobile&quot;:1,&quot;gap_tablet&quot;:{&quot;unit&quot;:&quot;px&quot;,&quot;size&quot;:10,&quot;sizes&quot;:[]},&quot;gap_mobile&quot;:{&quot;unit&quot;:&quot;px&quot;,&quot;size&quot;:10,&quot;sizes&quot;:[]},&quot;link_to&quot;:&quot;file&quot;,&quot;content_hover_animation&quot;:&quot;fade-in&quot;}\" data-widget_type=\"gallery.default\">\n\t\t\t\t\t\t\t<div class=\"elementor-gallery__container\">\n\t\t\t\t\t\t\t<a class=\"e-gallery-item elementor-gallery-item elementor-animated-content\" href=\"https:\/\/www.sistemaofis.com\/wp-content\/uploads\/2025\/10\/sistema-ofis-captura-movil.webp\" data-elementor-open-lightbox=\"yes\" data-elementor-lightbox-slideshow=\"92a47ab\" data-elementor-lightbox-title=\"sistema ofis captura movil\" data-e-action-hash=\"#elementor-action%3Aaction%3Dlightbox%26settings%3DeyJpZCI6ODAsInVybCI6Imh0dHBzOlwvXC93d3cuc2lzdGVtYW9maXMuY29tXC93cC1jb250ZW50XC91cGxvYWRzXC8yMDI1XC8xMFwvc2lzdGVtYS1vZmlzLWNhcHR1cmEtbW92aWwud2VicCIsInNsaWRlc2hvdyI6IjkyYTQ3YWIifQ%3D%3D\">\n\t\t\t\t\t<div class=\"e-gallery-image elementor-gallery-item__image\" data-thumbnail=\"https:\/\/www.sistemaofis.com\/wp-content\/uploads\/2025\/10\/sistema-ofis-captura-movil-420x910.webp\" data-width=\"420\" data-height=\"910\" aria-label=\"\" role=\"img\" ><\/div>\n\t\t\t\t\t\t\t\t\t\t\t\t\t\t<\/a>\n\t\t\t\t\t\t\t<a class=\"e-gallery-item elementor-gallery-item elementor-animated-content\" href=\"https:\/\/www.sistemaofis.com\/wp-content\/uploads\/2025\/10\/Ofis-captura-acceso-1.webp\" data-elementor-open-lightbox=\"yes\" data-elementor-lightbox-slideshow=\"92a47ab\" data-elementor-lightbox-title=\"Ofis captura acceso 1\" data-e-action-hash=\"#elementor-action%3Aaction%3Dlightbox%26settings%3DeyJpZCI6MTE2LCJ1cmwiOiJodHRwczpcL1wvd3d3LnNpc3RlbWFvZmlzLmNvbVwvd3AtY29udGVudFwvdXBsb2Fkc1wvMjAyNVwvMTBcL09maXMtY2FwdHVyYS1hY2Nlc28tMS53ZWJwIiwic2xpZGVzaG93IjoiOTJhNDdhYiJ9\">\n\t\t\t\t\t<div class=\"e-gallery-image elementor-gallery-item__image\" data-thumbnail=\"https:\/\/www.sistemaofis.com\/wp-content\/uploads\/2025\/10\/Ofis-captura-acceso-1-420x747.webp\" data-width=\"420\" data-height=\"747\" aria-label=\"\" role=\"img\" ><\/div>\n\t\t\t\t\t\t\t\t\t\t\t\t\t\t<\/a>\n\t\t\t\t\t\t\t<a class=\"e-gallery-item elementor-gallery-item elementor-animated-content\" href=\"https:\/\/www.sistemaofis.com\/wp-content\/uploads\/2025\/10\/Ofis-captura-acceso-2.webp\" data-elementor-open-lightbox=\"yes\" data-elementor-lightbox-slideshow=\"92a47ab\" data-elementor-lightbox-title=\"Ofis captura acceso 2\" data-e-action-hash=\"#elementor-action%3Aaction%3Dlightbox%26settings%3DeyJpZCI6MTE1LCJ1cmwiOiJodHRwczpcL1wvd3d3LnNpc3RlbWFvZmlzLmNvbVwvd3AtY29udGVudFwvdXBsb2Fkc1wvMjAyNVwvMTBcL09maXMtY2FwdHVyYS1hY2Nlc28tMi53ZWJwIiwic2xpZGVzaG93IjoiOTJhNDdhYiJ9\">\n\t\t\t\t\t<div class=\"e-gallery-image elementor-gallery-item__image\" data-thumbnail=\"https:\/\/www.sistemaofis.com\/wp-content\/uploads\/2025\/10\/Ofis-captura-acceso-2-420x747.webp\" data-width=\"420\" data-height=\"747\" aria-label=\"\" role=\"img\" ><\/div>\n\t\t\t\t\t\t\t\t\t\t\t\t\t\t<\/a>\n\t\t\t\t\t\t\t<a class=\"e-gallery-item elementor-gallery-item elementor-animated-content\" href=\"https:\/\/www.sistemaofis.com\/wp-content\/uploads\/2025\/10\/Ofis-captura-crear-acceso.webp\" data-elementor-open-lightbox=\"yes\" data-elementor-lightbox-slideshow=\"92a47ab\" data-elementor-lightbox-title=\"Ofis captura crear acceso\" data-e-action-hash=\"#elementor-action%3Aaction%3Dlightbox%26settings%3DeyJpZCI6MTE3LCJ1cmwiOiJodHRwczpcL1wvd3d3LnNpc3RlbWFvZmlzLmNvbVwvd3AtY29udGVudFwvdXBsb2Fkc1wvMjAyNVwvMTBcL09maXMtY2FwdHVyYS1jcmVhci1hY2Nlc28ud2VicCIsInNsaWRlc2hvdyI6IjkyYTQ3YWIifQ%3D%3D\">\n\t\t\t\t\t<div class=\"e-gallery-image elementor-gallery-item__image\" data-thumbnail=\"https:\/\/www.sistemaofis.com\/wp-content\/uploads\/2025\/10\/Ofis-captura-crear-acceso-420x911.webp\" data-width=\"420\" data-height=\"911\" aria-label=\"\" role=\"img\" ><\/div>\n\t\t\t\t\t\t\t\t\t\t\t\t\t\t<\/a>\n\t\t\t\t\t\t\t<a class=\"e-gallery-item elementor-gallery-item elementor-animated-content\" href=\"https:\/\/www.sistemaofis.com\/wp-content\/uploads\/2025\/10\/Ofis-captura-QR-acceso.webp\" data-elementor-open-lightbox=\"yes\" data-elementor-lightbox-slideshow=\"92a47ab\" data-elementor-lightbox-title=\"Ofis captura QR acceso\" data-e-action-hash=\"#elementor-action%3Aaction%3Dlightbox%26settings%3DeyJpZCI6MTE4LCJ1cmwiOiJodHRwczpcL1wvd3d3LnNpc3RlbWFvZmlzLmNvbVwvd3AtY29udGVudFwvdXBsb2Fkc1wvMjAyNVwvMTBcL09maXMtY2FwdHVyYS1RUi1hY2Nlc28ud2VicCIsInNsaWRlc2hvdyI6IjkyYTQ3YWIifQ%3D%3D\">\n\t\t\t\t\t<div class=\"e-gallery-image elementor-gallery-item__image\" data-thumbnail=\"https:\/\/www.sistemaofis.com\/wp-content\/uploads\/2025\/10\/Ofis-captura-QR-acceso-420x911.webp\" data-width=\"420\" data-height=\"911\" aria-label=\"\" role=\"img\" ><\/div>\n\t\t\t\t\t\t\t\t\t\t\t\t\t\t<\/a>\n\t\t\t\t\t\t\t<a class=\"e-gallery-item elementor-gallery-item elementor-animated-content\" href=\"https:\/\/www.sistemaofis.com\/wp-content\/uploads\/2025\/10\/Ofis-captura-amenidades-disponibles.webp\" data-elementor-open-lightbox=\"yes\" data-elementor-lightbox-slideshow=\"92a47ab\" data-elementor-lightbox-title=\"Ofis captura amenidades disponibles\" data-e-action-hash=\"#elementor-action%3Aaction%3Dlightbox%26settings%3DeyJpZCI6MTIyLCJ1cmwiOiJodHRwczpcL1wvd3d3LnNpc3RlbWFvZmlzLmNvbVwvd3AtY29udGVudFwvdXBsb2Fkc1wvMjAyNVwvMTBcL09maXMtY2FwdHVyYS1hbWVuaWRhZGVzLWRpc3BvbmlibGVzLndlYnAiLCJzbGlkZXNob3ciOiI5MmE0N2FiIn0%3D\">\n\t\t\t\t\t<div class=\"e-gallery-image elementor-gallery-item__image\" data-thumbnail=\"https:\/\/www.sistemaofis.com\/wp-content\/uploads\/2025\/10\/Ofis-captura-amenidades-disponibles-420x911.webp\" data-width=\"420\" data-height=\"911\" aria-label=\"\" role=\"img\" ><\/div>\n\t\t\t\t\t\t\t\t\t\t\t\t\t\t<\/a>\n\t\t\t\t\t\t\t<a class=\"e-gallery-item elementor-gallery-item elementor-animated-content\" href=\"https:\/\/www.sistemaofis.com\/wp-content\/uploads\/2025\/10\/Ofis-captura-amenidades-disponibles-2.webp\" data-elementor-open-lightbox=\"yes\" data-elementor-lightbox-slideshow=\"92a47ab\" data-elementor-lightbox-title=\"Ofis captura amenidades disponibles 2\" data-e-action-hash=\"#elementor-action%3Aaction%3Dlightbox%26settings%3DeyJpZCI6MTIxLCJ1cmwiOiJodHRwczpcL1wvd3d3LnNpc3RlbWFvZmlzLmNvbVwvd3AtY29udGVudFwvdXBsb2Fkc1wvMjAyNVwvMTBcL09maXMtY2FwdHVyYS1hbWVuaWRhZGVzLWRpc3BvbmlibGVzLTIud2VicCIsInNsaWRlc2hvdyI6IjkyYTQ3YWIifQ%3D%3D\">\n\t\t\t\t\t<div class=\"e-gallery-image elementor-gallery-item__image\" data-thumbnail=\"https:\/\/www.sistemaofis.com\/wp-content\/uploads\/2025\/10\/Ofis-captura-amenidades-disponibles-2-420x928.webp\" data-width=\"420\" data-height=\"928\" aria-label=\"\" role=\"img\" ><\/div>\n\t\t\t\t\t\t\t\t\t\t\t\t\t\t<\/a>\n\t\t\t\t\t\t\t<a class=\"e-gallery-item elementor-gallery-item elementor-animated-content\" href=\"https:\/\/www.sistemaofis.com\/wp-content\/uploads\/2025\/10\/Ofis-captura-amenidades-disponibles-3.webp\" data-elementor-open-lightbox=\"yes\" data-elementor-lightbox-slideshow=\"92a47ab\" data-elementor-lightbox-title=\"Ofis captura amenidades disponibles 3\" data-e-action-hash=\"#elementor-action%3Aaction%3Dlightbox%26settings%3DeyJpZCI6MTIwLCJ1cmwiOiJodHRwczpcL1wvd3d3LnNpc3RlbWFvZmlzLmNvbVwvd3AtY29udGVudFwvdXBsb2Fkc1wvMjAyNVwvMTBcL09maXMtY2FwdHVyYS1hbWVuaWRhZGVzLWRpc3BvbmlibGVzLTMud2VicCIsInNsaWRlc2hvdyI6IjkyYTQ3YWIifQ%3D%3D\">\n\t\t\t\t\t<div class=\"e-gallery-image elementor-gallery-item__image\" data-thumbnail=\"https:\/\/www.sistemaofis.com\/wp-content\/uploads\/2025\/10\/Ofis-captura-amenidades-disponibles-3-420x911.webp\" data-width=\"420\" data-height=\"911\" aria-label=\"\" role=\"img\" ><\/div>\n\t\t\t\t\t\t\t\t\t\t\t\t\t\t<\/a>\n\t\t\t\t\t\t\t<a class=\"e-gallery-item elementor-gallery-item elementor-animated-content\" href=\"https:\/\/www.sistemaofis.com\/wp-content\/uploads\/2025\/10\/Ofis-captura-amenidades-disponibles-4.webp\" data-elementor-open-lightbox=\"yes\" data-elementor-lightbox-slideshow=\"92a47ab\" data-elementor-lightbox-title=\"Ofis captura amenidades disponibles 4\" data-e-action-hash=\"#elementor-action%3Aaction%3Dlightbox%26settings%3DeyJpZCI6MTE5LCJ1cmwiOiJodHRwczpcL1wvd3d3LnNpc3RlbWFvZmlzLmNvbVwvd3AtY29udGVudFwvdXBsb2Fkc1wvMjAyNVwvMTBcL09maXMtY2FwdHVyYS1hbWVuaWRhZGVzLWRpc3BvbmlibGVzLTQud2VicCIsInNsaWRlc2hvdyI6IjkyYTQ3YWIifQ%3D%3D\">\n\t\t\t\t\t<div class=\"e-gallery-image elementor-gallery-item__image\" data-thumbnail=\"https:\/\/www.sistemaofis.com\/wp-content\/uploads\/2025\/10\/Ofis-captura-amenidades-disponibles-4-420x911.webp\" data-width=\"420\" data-height=\"911\" aria-label=\"\" role=\"img\" ><\/div>\n\t\t\t\t\t\t\t\t\t\t\t\t\t\t<\/a>\n\t\t\t\t\t<\/div>\n\t\t\t\t\t<\/div>\n\t\t\t\t\t<\/div>\n\t\t\t\t<\/div>\n\t\t\t\t<\/div>\n\t\t","protected":false},"excerpt":{"rendered":"<p>Soluciones inteligentes para edificios y complejos modernos Somos una empresa 100% Mexicana especializada en el desarrollo e implementaci\u00f3n de software para la gesti\u00f3n eficiente de edificios corporativos, residenciales y mixtos. Nuestra soluci\u00f3n centraliza el control de accesos, la reserva de amenidades y el mantenimiento en una sola plataforma, moderna, segura y f\u00e1cil de usar. Beneficios [&hellip;]<\/p>\n","protected":false},"author":1,"featured_media":0,"parent":0,"menu_order":0,"comment_status":"closed","ping_status":"closed","template":"elementor_header_footer","meta":{"footnotes":""},"class_list":["post-36","page","type-page","status-publish","hentry"],"_links":{"self":[{"href":"https:\/\/www.sistemaofis.com\/index.php\/wp-json\/wp\/v2\/pages\/36","targetHints":{"allow":["GET"]}}],"collection":[{"href":"https:\/\/www.sistemaofis.com\/index.php\/wp-json\/wp\/v2\/pages"}],"about":[{"href":"https:\/\/www.sistemaofis.com\/index.php\/wp-json\/wp\/v2\/types\/page"}],"author":[{"embeddable":true,"href":"https:\/\/www.sistemaofis.com\/index.php\/wp-json\/wp\/v2\/users\/1"}],"replies":[{"embeddable":true,"href":"https:\/\/www.sistemaofis.com\/index.php\/wp-json\/wp\/v2\/comments?post=36"}],"version-history":[{"count":40,"href":"https:\/\/www.sistemaofis.com\/index.php\/wp-json\/wp\/v2\/pages\/36\/revisions"}],"predecessor-version":[{"id":141,"href":"https:\/\/www.sistemaofis.com\/index.php\/wp-json\/wp\/v2\/pages\/36\/revisions\/141"}],"wp:attachment":[{"href":"https:\/\/www.sistemaofis.com\/index.php\/wp-json\/wp\/v2\/media?parent=36"}],"curies":[{"name":"wp","href":"https:\/\/api.w.org\/{rel}","templated":true}]}}